{"id":18,"date":"2015-08-31T17:04:53","date_gmt":"2015-08-31T17:04:53","guid":{"rendered":"http:\/\/clap-lodeve.com\/fr\/?page_id=18"},"modified":"2023-07-21T12:07:35","modified_gmt":"2023-07-21T10:07:35","slug":"contact","status":"publish","type":"page","link":"http:\/\/clap-lodeve.com\/fr\/contact\/","title":{"rendered":"Contact"},"content":{"rendered":"<p><a href=\"http:\/\/clap-lodeve.com\/fr\/wp-content\/uploads\/2015\/08\/plan2.jpg\"><img data-attachment-id=\"118\" data-permalink=\"http:\/\/clap-lodeve.com\/fr\/contact\/plan2\/\" data-orig-file=\"http:\/\/clap-lodeve.com\/fr\/wp-content\/uploads\/2015\/08\/plan2.jpg\" data-orig-size=\"380,416\" data-comments-opened=\"0\" data-image-meta=\"{&quot;aperture&quot;:&quot;0&quot;,&quot;credit&quot;:&quot;&quot;,&quot;camera&quot;:&quot;&quot;,&quot;caption&quot;:&quot;&quot;,&quot;created_timestamp&quot;:&quot;0&quot;,&quot;copyright&quot;:&quot;&quot;,&quot;focal_length&quot;:&quot;0&quot;,&quot;iso&quot;:&quot;0&quot;,&quot;shutter_speed&quot;:&quot;0&quot;,&quot;title&quot;:&quot;&quot;,&quot;orientation&quot;:&quot;0&quot;}\" data-image-title=\"plan2\" data-image-description=\"\" data-image-caption=\"\" data-medium-file=\"http:\/\/clap-lodeve.com\/fr\/wp-content\/uploads\/2015\/08\/plan2-274x300.jpg\" data-large-file=\"http:\/\/clap-lodeve.com\/fr\/wp-content\/uploads\/2015\/08\/plan2.jpg\" decoding=\"async\" loading=\"lazy\" class=\" wp-image-118 alignleft\" src=\"http:\/\/clap-lodeve.com\/fr\/wp-content\/uploads\/2015\/08\/plan2-274x300.jpg\" alt=\"plan2\" width=\"206\" height=\"226\" srcset=\"http:\/\/clap-lodeve.com\/fr\/wp-content\/uploads\/2015\/08\/plan2-274x300.jpg 274w, http:\/\/clap-lodeve.com\/fr\/wp-content\/uploads\/2015\/08\/plan2.jpg 380w\" sizes=\"(max-width: 206px) 100vw, 206px\" \/><\/a><b>CLAP LODEVE <\/b><br \/><strong>adresse :<\/strong> 9 av DENFERT 34700 Lod\u00e8ve (\u00e0 cot\u00e9 du Secours Populaire)<\/p>\n<p><strong>tel : 07.82.77.21.06<\/strong><\/p>\n<p><strong>mail :<\/strong><a href=\"mailto:contact@clap-lodeve.com\"> contact@clap-lodeve.com<\/a><\/p>\n<p><strong>facebook :<\/strong> <a href=\"https:\/\/www.facebook.com\/clap.lodeve\">https:\/\/www.facebook.com\/clap.lodeve<\/a><br \/>&gt;&gt;cliquez sur j&rsquo;aime !<\/p>\n<p><a href=\"http:\/\/clap-lodeve.com\/fr\/activites\/\"><b>Pour les ateliers\u00a0 : contactez directement les animateurs !<\/b><\/a><\/p>\n<h3><strong>Mises \u00e0 dispo des salles : contacts et infos directement dans les rubriques concern\u00e9es :<\/strong><\/h3>\n<h3><span class=\"jp-relatedposts-post-title\"><a class=\"jp-relatedposts-post-a\" title=\"Faire une proposition d'activit\u00e9 occasionnelle (Stages, R\u00e9union..) Les salles du CLAP peuvent accueillir des activit\u00e9 tr\u00e8s vari\u00e9es : Stages , R\u00e9unions, Formations, r\u00e9sidences d'artistes... ( autres rubriques: activit\u00e9s r\u00e9guli\u00e8res et \u00e9v\u00e8nements) Un immeuble multi-activit\u00e9 \u00a0 ! Nous mettons nos salles \u00e0 disposition pour la joie d'accueillir une belle diversit\u00e9 d'activit\u00e9s sur le lieu mais aussi pour contribuer\u2026\" href=\"http:\/\/clap-lodeve.com\/fr\/faire-une-proposition-dactivite-occasionnelle-stages-reunion\/\" rel=\"nofollow\" data-origin=\"4204\" data-position=\"0\">Faire une proposition d\u2019activit\u00e9 occasionnelle (Stages, R\u00e9union..)<\/a><\/span><\/h3>\n<h3><span class=\"jp-relatedposts-post-title\"><a class=\"jp-relatedposts-post-a\" title=\"Proposer un \u00e9v\u00e8nement (Concert, Conf\u00e9rence...) Le CLAP , un collectif associatif avant tout ! Le CLAP organise 1 \u00e0 2 fois par mois des \u00e9v\u00e8nements \u00e0 PRIX LIBRE dans la Grotte pour partager des moments festifs et aussi pour contribuer \u00e0 payer le loyer et permettre \u00e0 ce projet d'exister! Nous partageons le plaisir d'organiser\u2026\" href=\"http:\/\/clap-lodeve.com\/fr\/proposer-un-evenement-concert-conference\/\" rel=\"nofollow\" data-origin=\"4155\" data-position=\"1\">Proposer un \u00e9v\u00e8nement (Concert, Conf\u00e9rence\u2026)<\/a><\/span><\/h3>\n<h3><span class=\"jp-relatedposts-post-title\"><a class=\"jp-relatedposts-post-a\" title=\"Faire une proposition d'une activit\u00e9 r\u00e9guli\u00e8re Activit\u00e9s r\u00e9guli\u00e8res et investissement dans le Collectif Nous sommes ravis d\u2019accueillir de nouvelles personnes ! Pour faire une activit\u00e9 r\u00e9guli\u00e8re au CLAP il faut avoir l'envie d'int\u00e9grer le Collectif\u00a0 (des aptitudes partag\u00e9es) et avoir la possibilit\u00e9 et l'enthousiasme d'y investir du temps. Le CLAP est un collectif sans chef et\u2026\" href=\"http:\/\/clap-lodeve.com\/fr\/faire-une-proposition-dune-activite-reguliere\/\" rel=\"nofollow\" data-origin=\"4215\" data-position=\"0\">Faire une proposition d\u2019une activit\u00e9 r\u00e9guli\u00e8re<\/a><\/span><\/h3>\n<p>C&rsquo;est ici ! \ud83d\ude06<span style=\"border-radius: 2px; text-indent: 20px; width: auto; padding: 0px 4px 0px 0px; text-align: center; font: bold 11px\/20px 'Helvetica Neue',Helvetica,sans-serif; color: #ffffff; background: #bd081c no-repeat scroll 3px 50% \/ 14px 14px; position: absolute; opacity: 1; z-index: 8675309; display: none; cursor: pointer; top: 44px; left: 20px;\">Enregistrer<\/span><\/p>\n\n\n<iframe loading=\"lazy\" scrolling=\"no\" marginheight=\"0\" marginwidth=\"0\" src=\"https:\/\/www.openstreetmap.org\/export\/embed.html?bbox=3.3171522617340092%2C43.72728952538226%2C3.3309495449066167%2C43.732499358244155&amp;layer=mapnik&amp;marker=43.729894498459856%2C3.3240509033203125\" style=\"border: 1px solid black\" width=\"650\" height=\"650\" frameborder=\"0\"><\/iframe><br \/><small><a href=\"https:\/\/www.openstreetmap.org\/?mlat=43.72989&amp;mlon=3.32405#map=17\/43.72989\/3.32405\">Afficher une carte plus grande<\/a><\/small>\n","protected":false},"excerpt":{"rendered":"<p>CLAP LODEVE adresse : 9 av DENFERT 34700 Lod\u00e8ve (\u00e0 cot\u00e9 du Secours Populaire) tel : 07.82.77.21.06 mail : contact@clap-lodeve.com facebook : https:\/\/www.facebook.com\/clap.lodeve&gt;&gt;cliquez sur j&rsquo;aime ! Pour les ateliers\u00a0 : contactez directement les animateurs ! Mises \u00e0 dispo des salles : contacts et infos directement dans les rubriques concern\u00e9es : Faire une proposition d\u2019activit\u00e9 occasionnelle &hellip;<\/p>\n","protected":false},"author":1,"featured_media":0,"parent":0,"menu_order":0,"comment_status":"closed","ping_status":"open","template":"","meta":{"footnotes":""},"jetpack_sharing_enabled":true,"jetpack_shortlink":"https:\/\/wp.me\/P8JRd2-i","jetpack-related-posts":[],"_links":{"self":[{"href":"http:\/\/clap-lodeve.com\/fr\/wp-json\/wp\/v2\/pages\/18"}],"collection":[{"href":"http:\/\/clap-lodeve.com\/fr\/wp-json\/wp\/v2\/pages"}],"about":[{"href":"http:\/\/clap-lodeve.com\/fr\/wp-json\/wp\/v2\/types\/page"}],"author":[{"embeddable":true,"href":"http:\/\/clap-lodeve.com\/fr\/wp-json\/wp\/v2\/users\/1"}],"replies":[{"embeddable":true,"href":"http:\/\/clap-lodeve.com\/fr\/wp-json\/wp\/v2\/comments?post=18"}],"version-history":[{"count":45,"href":"http:\/\/clap-lodeve.com\/fr\/wp-json\/wp\/v2\/pages\/18\/revisions"}],"predecessor-version":[{"id":7232,"href":"http:\/\/clap-lodeve.com\/fr\/wp-json\/wp\/v2\/pages\/18\/revisions\/7232"}],"wp:attachment":[{"href":"http:\/\/clap-lodeve.com\/fr\/wp-json\/wp\/v2\/media?parent=18"}],"curies":[{"name":"wp","href":"https:\/\/api.w.org\/{rel}","templated":true}]}}