{"id":220,"date":"2015-09-01T15:40:04","date_gmt":"2015-09-01T15:40:04","guid":{"rendered":"http:\/\/clap-lodeve.com\/fr\/?page_id=220"},"modified":"2019-08-27T14:48:47","modified_gmt":"2019-08-27T12:48:47","slug":"activites","status":"publish","type":"page","link":"http:\/\/clap-lodeve.com\/fr\/activites\/","title":{"rendered":"Activit\u00e9s"},"content":{"rendered":"<p><a href=\"http:\/\/clap-lodeve.com\/fr\/wp-content\/uploads\/2016\/11\/01.jpg\"><img data-attachment-id=\"1055\" data-permalink=\"http:\/\/clap-lodeve.com\/fr\/activites\/attachment\/01\/\" data-orig-file=\"http:\/\/clap-lodeve.com\/fr\/wp-content\/uploads\/2016\/11\/01.jpg\" data-orig-size=\"1000,367\" data-comments-opened=\"0\" data-image-meta=\"{&quot;aperture&quot;:&quot;0&quot;,&quot;credit&quot;:&quot;&quot;,&quot;camera&quot;:&quot;&quot;,&quot;caption&quot;:&quot;&quot;,&quot;created_timestamp&quot;:&quot;0&quot;,&quot;copyright&quot;:&quot;&quot;,&quot;focal_length&quot;:&quot;0&quot;,&quot;iso&quot;:&quot;0&quot;,&quot;shutter_speed&quot;:&quot;0&quot;,&quot;title&quot;:&quot;&quot;,&quot;orientation&quot;:&quot;0&quot;}\" data-image-title=\"01\" data-image-description=\"\" data-image-caption=\"\" data-medium-file=\"http:\/\/clap-lodeve.com\/fr\/wp-content\/uploads\/2016\/11\/01-300x110.jpg\" data-large-file=\"http:\/\/clap-lodeve.com\/fr\/wp-content\/uploads\/2016\/11\/01.jpg\" decoding=\"async\" loading=\"lazy\" class=\"alignnone wp-image-1055 size-full\" src=\"http:\/\/clap-lodeve.com\/fr\/wp-content\/uploads\/2016\/11\/01.jpg\" alt=\"01\" width=\"1000\" height=\"367\" srcset=\"http:\/\/clap-lodeve.com\/fr\/wp-content\/uploads\/2016\/11\/01.jpg 1000w, http:\/\/clap-lodeve.com\/fr\/wp-content\/uploads\/2016\/11\/01-300x110.jpg 300w\" sizes=\"(max-width: 1000px) 100vw, 1000px\" \/><\/a><\/p>\n<p>*****<\/p>\n<p><span style=\"color: #ff0000;\"><strong><span style=\"font-size: 18pt;\">EN COURS DE MISE A JOUR MERCI<\/span><\/strong><\/span><\/p>\n<p style=\"text-align: left;\"><span style=\"font-size: 24pt; color: #808080;\"><strong><span style=\"font-size: 14pt;\"><span style=\"color: #808080;\">\u25ba\u25ba\u25ba<\/span>Rechercher activit\u00e9s :\u00a0 <span style=\"color: #008080; font-size: 24pt;\"><a style=\"color: #008080;\" href=\"#theme\">PAR TH\u00c8MES<\/a><\/span>\u00a0<\/span><span class=\"st\">| <span style=\"color: #008080;\"><a style=\"color: #008080;\" href=\"http:\/\/clap-lodeve.com\/fr\/agenda-activites\/\">PAR DATES<\/a><\/span><\/span><\/strong><\/span><\/p>\n<p>****<\/p>\n<p><span style=\"font-size: 24pt; color: #008080;\"><a id=\"theme\"><\/a>\u25ba<span style=\"font-size: 36pt;\">Activit\u00e9s par th\u00e8me<\/span>\u00a0<\/span><\/p>\n<p><a href=\"http:\/\/clap-lodeve.com\/fr\/ateliers-enfants\/\"><strong>\u25baATELIERS ENFANTS\/ ADOS<\/strong><\/a><br \/>\n<strong> <a href=\"http:\/\/clap-lodeve.com\/fr\/theatre-danse\/\">\u25baTH\u00c9\u00c2TRE |\u00a0 DANSE<\/a><\/strong><br \/>\n<strong> <a href=\"http:\/\/clap-lodeve.com\/fr\/musique-voix\/\">\u25baMUSIQUE | CHANT<\/a><\/strong><br \/>\n<strong> <a href=\"http:\/\/clap-lodeve.com\/fr\/yoga\/\">\u25baYOGA | ACROYOGA <\/a><a href=\"http:\/\/clap-lodeve.com\/fr\/yoga\/\"> | <\/a><a href=\"http:\/\/clap-lodeve.com\/fr\/yoga\/\">M\u00c9DITATION | QI GONG<\/a><\/strong><br \/>\n<strong><a href=\"http:\/\/clap-lodeve.com\/fr\/bien-etre\/\">\u25baBIEN-\u00caTRE<\/a><\/strong><br \/>\n<strong> <a href=\"http:\/\/clap-lodeve.com\/fr\/parentalite\/\">\u25baPARENTALIT\u00c9<\/a><\/strong><br \/>\n<strong> <a href=\"http:\/\/clap-lodeve.com\/fr\/arts-plastiques\/\">\u25baARTS PLASTIQUES<\/a><\/strong><br \/>\n<strong> <a href=\"http:\/\/clap-lodeve.com\/fr\/asso\/\">\u25baET AUSSI&#8230;<\/a><\/strong><\/p>\n<p><strong>&gt;&gt;Infos &amp; inscription : contactez directement les animateurs des activit\u00e9s !<\/strong><\/p>\n<p>*******<\/p>\n<p><span style=\"font-size: 18pt; color: #808080;\"><strong><a id=\"enf\"><\/a>\u25baATELIERS ENFANTS\/ADOS<\/strong><\/span><\/p>\n<p><span style=\"color: #800000;\"><strong>ATELIER CHANT ADOS : 13-17 ans\u00a0<\/strong><\/span><br \/>\nMardi 18h1 -19h30<br \/>\nAnim\u00e9 par : Laetitia Dhainault 06 12 24 95 19 \u2013 <a href=\"mailto:asso.ocytocines@gmail.com\">asso.ocytocines@gmail.com<\/a> \u2013 <a href=\"http:\/\/asso-ocytocines.com\/fr\/\" target=\"_blank\" rel=\"noopener\">www.asso-ocytocines.com<\/a><br \/>\n&gt;&gt;<a href=\"http:\/\/clap-lodeve.com\/fr\/ateliers-enfants\/#chant2\" target=\"_blank\" rel=\"noopener\">+ d\u2019info<\/a><\/p>\n<p style=\"text-align: right;\"><a href=\"#\">&gt; haut de page<\/a><\/p>\n<p>********<br \/>\n<span style=\"font-size: 18pt; color: #808080;\"><strong><a id=\"viv\"><\/a>\u25baEXPRESSION CORPORELLE<br \/>\n<\/strong><\/span><\/p>\n<p><span style=\"color: #800000;\"><strong>Improvisation th\u00e9\u00e2trale<\/strong><\/span><br \/>\n1 lundi\/2 &#8211; 19h30-22h<br \/>\nAlain Stutz 04\u00a0 67 44 06 93 . <a href=\"mailto:yaskyaso@gmail.com\">yaskyaso@gmail.com<\/a><br \/>\n&gt;&gt;<a href=\"http:\/\/clap-lodeve.com\/fr\/theatre-danse\/#imp\" target=\"_blank\" rel=\"noopener\">+ d&rsquo;info<\/a><\/p>\n<p style=\"text-align: right;\"><a href=\"#\">&gt;&gt; haut de page<\/a><\/p>\n<p>********<\/p>\n<p><span style=\"font-size: 18pt; color: #808080;\"><strong><a id=\"yog\"><\/a>\u25baYOGA\u00a0| ACROYOGA\u00a0| M\u00c9DITATION \u00a0| QI GONG<br \/>\n<\/strong><\/span><\/p>\n<p><span style=\"color: #800000;\"><strong>ACROYOGA<\/strong><\/span><br \/>\nles lundis des semaines paires, RDV de 20 \u00e0 22h salle 8 du CLAP<br \/>\nAnim\u00e9 par Jessica Huron 06 33 87 38 47<br \/>\n&gt;&gt;<a href=\"http:\/\/clap-lodeve.com\/fr\/yoga\/#acro\" target=\"_blank\" rel=\"noopener\">+ d&rsquo;info<\/a><\/p>\n<p><span style=\"color: #800000;\"><strong>M\u00e9ditations dynamiques<\/strong><\/span><br \/>\nmardi 9h-10h30<br \/>\nC\u00e9line Rouvi\u00e8re 06 95 56 15 15<br \/>\n&gt;&gt;<a href=\"http:\/\/clap-lodeve.com\/fr\/yoga\/\/#dyn\" target=\"_blank\" rel=\"noopener\">+ d&rsquo;info<\/a><\/p>\n<p><span style=\"color: #800000;\"><strong>Yoga pour le corps et pour l\u2019esprit selon la tradition Sivananda<\/strong><\/span><br \/>\nLundi\u00a0: 18h00 \u2013 19h30<br \/>\nAnim\u00e9 par\u00a0: Margarete Hiller- hillermargarete@yahoo.fr<br \/>\n06.41.35.32.44 &#8211; 04.67.57.38.35<br \/>\n<a href=\"http:\/\/clap-lodeve.com\/fr\/yoga\/#yoga2\">+ d&rsquo;info<\/a><\/p>\n<p><span style=\"color: #800000;\"><strong>Qi Gong<\/strong><\/span><br \/>\n1 dimanche par mois : 10h-13h<br \/>\nChristiane Cortijo\u00a006 76 00 12 82 &#8211; <a href=\"mailto:xxiane@gmail.com\">xxiane@gmail.com<\/a><br \/>\n&gt;&gt;<a href=\"http:\/\/clap-lodeve.com\/fr\/yoga\/#qi\" target=\"_blank\" rel=\"noopener\">+ d&rsquo;info<\/a><\/p>\n<p style=\"text-align: right;\"><a href=\"#\">&gt;&gt; haut de page<\/a><\/p>\n<p>********<\/p>\n<p><span style=\"font-size: 18pt; color: #808080;\"><strong><a id=\"mus\"><\/a>\u25baMUSIQUE\u00a0| VOIX<br \/>\n<\/strong><\/span><\/p>\n<p><span style=\"color: #800000;\"><strong>Atelier VOIX &amp; CHANT Adulte (Groupe)<\/strong><\/span><br \/>\nMercredi 18h-19h30 et Mercredi 11h-12h30<br \/>\nAnim\u00e9 par : Laetitia Dhainault 06 12 24 95 19 &#8211; <a href=\"mailto:asso.ocytocines@gmail.com\">asso.ocytocines@gmail.com<\/a> \u2013 <a href=\"http:\/\/asso-ocytocines.com\/fr\/\" target=\"_blank\" rel=\"noopener\">www.asso-ocytocines.com<\/a><br \/>\n&gt;&gt;<a href=\"http:\/\/clap-lodeve.com\/fr\/musique-voix\/#voi\" target=\"_blank\" rel=\"noopener\">+ d&rsquo;info<\/a><\/p>\n<p><span style=\"color: #800000;\"><strong>VOIX &amp; CHANT: Cours Particuliers (1h30)<\/strong><\/span><br \/>\nCours particuliers sur RDV<br \/>\npar : Laetitia Dhainault 06 12 24 95 19 &#8211; <a href=\"mailto:asso.ocytocines@gmail.com\">asso.ocytocines@gmail.com<\/a> \u2013 <a href=\"http:\/\/asso-ocytocines.com\/fr\/\" target=\"_blank\" rel=\"noopener\">www.asso-ocytocines.com<\/a><br \/>\n&gt;&gt;<a href=\"http:\/\/clap-lodeve.com\/fr\/musique-voix\/#voi\" target=\"_blank\" rel=\"noopener\">+ d&rsquo;info<\/a><\/p>\n<p><span style=\"color: #800000;\"><strong>CHANT Ados (12\/17 ans)<\/strong><\/span><br \/>\nMardi 17h-18h30<br \/>\nAnim\u00e9 par : Laetitia Dhainault 06 12 24 95 19 &#8211; <a href=\"mailto:asso.ocytocines@gmail.com\">asso.ocytocines@gmail.com<\/a> \u2013 <a href=\"http:\/\/asso-ocytocines.com\/fr\/\" target=\"_blank\" rel=\"noopener\">www.asso-ocytocines.com<\/a><br \/>\n&gt;&gt;<a href=\"http:\/\/clap-lodeve.com\/fr\/ateliers-enfants\/#chant2\" target=\"_blank\" rel=\"noopener\">+ d&rsquo;info<\/a><\/p>\n<p><strong><span style=\"color: #800000;\">Chants polyphoniques et improvisations<\/span><\/strong><br \/>\nGroupe Mardi \u2013 17h30-19h30 &#8211; cours particulier mardi 16h-17h15<br \/>\nAnim\u00e9 par :Carole Bourgeois &#8211; 06 75 66 92 32 \u2013 <a href=\"mailto:carolelalodevoise@gmail.com\">carolelalodevoise@gmail.com<\/a><br \/>\n&gt;&gt;<a href=\"http:\/\/clap-lodeve.com\/fr\/musique-voix\/#poly\" target=\"_blank\" rel=\"noopener\">+ d&rsquo;info<\/a><\/p>\n<p><span style=\"color: #800000; font-size: 12pt;\"><strong>Atelier Percussion Ethnique<\/strong><\/span><br \/>\nAnim\u00e9s par Massimiliano Cangelosi<br \/>\n<strong>Vendredi de 18h \u00e0 19h 30 \u2013 1er cours le vendredi 29 mars<\/strong><br \/>\nContact : cell : 07 58 74 17 69 \/ fixe :04 67 88 75 98<br \/>\nmassimilianoinmarcia@gmail.com Massimiliano Cangelosi sur FB<br \/>\n&gt;&gt;<a href=\"http:\/\/clap-lodeve.com\/fr\/musique-voix\/#tamb\" target=\"_blank\" rel=\"noopener\">+ d&rsquo;info<\/a><\/p>\n<p><strong><span style=\"color: #800000;\">\u00ab\u00a0Atelier de l&rsquo;instant\u00a0\u00bb rencontre musicale<\/span><\/strong><br \/>\n<strong>Renseignement par t\u00e9l\u00e9phone<\/strong><br \/>\nLo\u00efc NEYROUD 07 52 28 16 63 &#8211; Jean-louis TRINQUIER 06 15 92 29 88<br \/>\n&gt;&gt;<a href=\"http:\/\/clap-lodeve.com\/fr\/musique-voix\/#ate\" target=\"_blank\" rel=\"noopener\">+ d&rsquo;info<\/a><\/p>\n<p><span style=\"color: #800000;\"><strong>ACMAO (atelier de cr\u00e9ation multim\u00e9dia assist\u00e9 par ordinateur)<\/strong><\/span><br \/>\nLo\u00efc NEYROUD 07 52 28 16 63 &#8211; Jean-louis TRINQUIER 06 15 92 29 88\u00a0 &#8211; <a href=\"mailto:jltrinquier@yahoo.fr\">jltrinquier@yahoo.fr<\/a><br \/>\n&gt;&gt;<a href=\"http:\/\/clap-lodeve.com\/fr\/musique-voix\/#ace\" target=\"_blank\" rel=\"noopener\">+ d&rsquo;info<\/a><\/p>\n<p style=\"text-align: right;\"><a href=\"#\">&gt;&gt; haut de page<\/a><\/p>\n<p style=\"text-align: right;\">\n<p>*********<\/p>\n<p><span style=\"font-size: 18pt; color: #808080;\"><strong><a id=\"pla\"><\/a>\u25baARTS PLASTIQUES<\/strong><\/span><\/p>\n<p><span style=\"color: #800000;\"><strong>Atelier bois<\/strong><\/span><br \/>\nSur rendez-vous<br \/>\nJean-louis Trinquier &#8211; 06 15 92 29 88 &#8211;\u00a0 <a href=\"mailto:jltrinquier@yahoo.fr\">jltrinquier@yahoo.fr<\/a><br \/>\n&gt;&gt;<a href=\"http:\/\/clap-lodeve.com\/fr\/arts-plastiques\/#boi\" target=\"_blank\" rel=\"noopener\">+ d&rsquo;info<\/a><\/p>\n<p style=\"text-align: right;\"><a href=\"#\">&gt; haut de page<\/a><\/p>\n<p>********<\/p>\n<p><span style=\"font-size: 18pt; color: #808080;\"><strong><a id=\"par\"><\/a>\u25baPARENTALIT\u00c9<br \/>\n<\/strong><\/span><\/p>\n<p><span style=\"color: #800000;\"><strong>Ateliers de Parents<\/strong><\/span><br \/>\nVoir site pour horaires<br \/>\nVal\u00e9rie Orvain &#8211; 06 71 18 59 36 &#8211; <a href=\"mailto:granddireensemble@free.fr\">granddireensemble@free.fr<\/a> &#8211; <a href=\"http:\/\/www.granddireensemble.com\" target=\"_blank\" rel=\"noopener\">www.granddireensemble.com<\/a><br \/>\n&gt;&gt;<a href=\"http:\/\/clap-lodeve.com\/fr\/parentalite\/#par\" target=\"_blank\" rel=\"noopener\">+ d&rsquo;info<\/a><\/p>\n<p style=\"text-align: right;\">\u00a0<a href=\"#\">&gt;&gt; haut de page<\/a><\/p>\n<p>*******<\/p>\n<p><span style=\"font-size: 18pt; color: #808080;\"><strong><a id=\"#aus\"><\/a>\u25baET AUSSI&#8230;<\/strong><\/span><\/p>\n<p><span style=\"color: #800000;\"><strong>Orientation personnelle et professionnelle tout public (jeunes et adultes)<\/strong><\/span><br \/>\nSur Rdv<br \/>\nContact :\u00a0Marie-Pierre TERRISSE :\u00a006 84 14 24 87 &#8211; <a href=\"mailto:mp.terrisse@wanadoo.fr\">mp.terrisse@wanadoo.fr<\/a><br \/>\n&gt;&gt;<a href=\"http:\/\/clap-lodeve.com\/fr\/asso\/#pro\" target=\"_blank\" rel=\"noopener\">+ d&rsquo;info<\/a><\/p>\n<p><strong><span style=\"color: #800000;\">Association TERRE EN PARTAGE (jardin partag\u00e9)<\/span><\/strong><br \/>\nsur rdv &#8211; Par : Marie \/ Plume \/ Fred &#8211; 06 46 21 64 19 \u2013 <a href=\"mailto:info@terre-en-partage.org\">info@terre-en-partage.org<\/a><br \/>\n&gt;&gt;<a href=\"http:\/\/clap-lodeve.com\/fr\/asso\/#jar\" target=\"_blank\" rel=\"noopener\">+ d&rsquo;info<\/a><\/p>\n<p><strong><span style=\"color: #800000;\">Association PAYSARBRE (\u00c9ducation \u00e0 environnement)<\/span><\/strong><br \/>\nsur rdv &#8211; Tangi 06 11 73 16 50. <a href=\"mailto:paysarbre@mailoo.org\">paysarbre@mailoo.org<\/a><br \/>\n&gt;&gt;<a href=\"http:\/\/clap-lodeve.com\/fr\/asso\/#pay\" target=\"_blank\" rel=\"noopener\">+ d&rsquo;info<\/a><\/p>\n<p><span style=\"color: #800000;\"><strong>VOIX &amp; CHANT: Cours Particuliers (1h30)<\/strong><\/span><br \/>\nCours particuliers sur RDV<br \/>\npar : Laetitia Dhainault 06 12 24 95 19 &#8211; <a href=\"mailto:asso.ocytocines@gmail.com\">asso.ocytocines@gmail.com<\/a> \u2013 <a href=\"http:\/\/asso-ocytocines.com\/fr\/\" target=\"_blank\" rel=\"noopener\">www.asso-ocytocines.com<\/a><br \/>\n&gt;&gt;<a href=\"http:\/\/clap-lodeve.com\/fr\/musique-voix\/#voi\" target=\"_blank\" rel=\"noopener\">+ d&rsquo;info<\/a><\/p>\n<p><a href=\"http:\/\/clap-lodeve.com\/fr\/wp-content\/uploads\/2015\/09\/logo-carre.jpg\"><img data-attachment-id=\"319\" data-permalink=\"http:\/\/clap-lodeve.com\/fr\/activites\/logo-carre\/\" data-orig-file=\"http:\/\/clap-lodeve.com\/fr\/wp-content\/uploads\/2015\/09\/logo-carre.jpg\" data-orig-size=\"800,800\" data-comments-opened=\"0\" data-image-meta=\"{&quot;aperture&quot;:&quot;0&quot;,&quot;credit&quot;:&quot;&quot;,&quot;camera&quot;:&quot;&quot;,&quot;caption&quot;:&quot;&quot;,&quot;created_timestamp&quot;:&quot;0&quot;,&quot;copyright&quot;:&quot;&quot;,&quot;focal_length&quot;:&quot;0&quot;,&quot;iso&quot;:&quot;0&quot;,&quot;shutter_speed&quot;:&quot;0&quot;,&quot;title&quot;:&quot;&quot;,&quot;orientation&quot;:&quot;1&quot;}\" data-image-title=\"logo-carre\" data-image-description=\"\" data-image-caption=\"\" data-medium-file=\"http:\/\/clap-lodeve.com\/fr\/wp-content\/uploads\/2015\/09\/logo-carre-300x300.jpg\" data-large-file=\"http:\/\/clap-lodeve.com\/fr\/wp-content\/uploads\/2015\/09\/logo-carre.jpg\" decoding=\"async\" loading=\"lazy\" class=\"alignnone size-medium wp-image-319\" src=\"http:\/\/clap-lodeve.com\/fr\/wp-content\/uploads\/2015\/09\/logo-carre-300x300.jpg\" alt=\"logo-carre\" width=\"300\" height=\"300\" srcset=\"http:\/\/clap-lodeve.com\/fr\/wp-content\/uploads\/2015\/09\/logo-carre-300x300.jpg 300w, http:\/\/clap-lodeve.com\/fr\/wp-content\/uploads\/2015\/09\/logo-carre-150x150.jpg 150w, http:\/\/clap-lodeve.com\/fr\/wp-content\/uploads\/2015\/09\/logo-carre.jpg 800w\" sizes=\"(max-width: 300px) 100vw, 300px\" \/><\/a><\/p>\n<p style=\"text-align: right;\"><a href=\"#\">&gt;&gt; haut de page<\/a><\/p>\n","protected":false},"excerpt":{"rendered":"<p>***** EN COURS DE MISE A JOUR MERCI \u25ba\u25ba\u25baRechercher activit\u00e9s :\u00a0 PAR TH\u00c8MES\u00a0| PAR DATES **** \u25baActivit\u00e9s par th\u00e8me\u00a0 \u25baATELIERS ENFANTS\/ ADOS \u25baTH\u00c9\u00c2TRE |\u00a0 DANSE \u25baMUSIQUE | CHANT \u25baYOGA | ACROYOGA | M\u00c9DITATION | QI GONG \u25baBIEN-\u00caTRE \u25baPARENTALIT\u00c9 \u25baARTS PLASTIQUES \u25baET AUSSI&#8230; &gt;&gt;Infos &amp; inscription : contactez directement les animateurs des activit\u00e9s ! ******* \u25baATELIERS &hellip;<\/p>\n","protected":false},"author":1,"featured_media":0,"parent":0,"menu_order":0,"comment_status":"closed","ping_status":"open","template":"","meta":{"footnotes":""},"jetpack_sharing_enabled":true,"jetpack_shortlink":"https:\/\/wp.me\/P8JRd2-3y","jetpack-related-posts":[],"_links":{"self":[{"href":"http:\/\/clap-lodeve.com\/fr\/wp-json\/wp\/v2\/pages\/220"}],"collection":[{"href":"http:\/\/clap-lodeve.com\/fr\/wp-json\/wp\/v2\/pages"}],"about":[{"href":"http:\/\/clap-lodeve.com\/fr\/wp-json\/wp\/v2\/types\/page"}],"author":[{"embeddable":true,"href":"http:\/\/clap-lodeve.com\/fr\/wp-json\/wp\/v2\/users\/1"}],"replies":[{"embeddable":true,"href":"http:\/\/clap-lodeve.com\/fr\/wp-json\/wp\/v2\/comments?post=220"}],"version-history":[{"count":234,"href":"http:\/\/clap-lodeve.com\/fr\/wp-json\/wp\/v2\/pages\/220\/revisions"}],"predecessor-version":[{"id":5019,"href":"http:\/\/clap-lodeve.com\/fr\/wp-json\/wp\/v2\/pages\/220\/revisions\/5019"}],"wp:attachment":[{"href":"http:\/\/clap-lodeve.com\/fr\/wp-json\/wp\/v2\/media?parent=220"}],"curies":[{"name":"wp","href":"https:\/\/api.w.org\/{rel}","templated":true}]}}