{"id":224,"date":"2015-09-02T06:48:23","date_gmt":"2015-09-02T06:48:23","guid":{"rendered":"http:\/\/clap-lodeve.com\/fr\/?page_id=224"},"modified":"2023-07-21T12:27:50","modified_gmt":"2023-07-21T10:27:50","slug":"actualites","status":"publish","type":"page","link":"http:\/\/clap-lodeve.com\/fr\/actualites\/","title":{"rendered":"LE CLAP !"},"content":{"rendered":"<p style=\"text-align: center;\">\n\t<div class=\"slideshow_container slideshow_container_style-light\" style=\"height: 300px; \" data-slideshow-id=\"1053\" data-style-name=\"style-light\" data-style-version=\"2.3.1\" >\n\n\t\t\t\t\t<div class=\"slideshow_loading_icon\"><\/div>\n\t\t\n\t\t<div class=\"slideshow_content\" style=\"display: none;\">\n\n\t\t\t<div class=\"slideshow_view\">\n\t\t\t\t<div class=\"slideshow_slide slideshow_slide_image\">\n\t\t\t\t\t\t\t\t\t\t\t<img src=\"http:\/\/clap-lodeve.com\/fr\/wp-content\/uploads\/2016\/11\/01.jpg\" alt=\"01\" width=\"1000\" height=\"367\" \/>\n\t\t\t\t\t\t\t\t\t\t<div class=\"slideshow_description_box slideshow_transparent\">\n\t\t\t\t\t\t<div class=\"slideshow_title\">01<\/div>\t\t\t\t\t\t\t\t\t\t\t<\/div>\n\t\t\t\t<\/div>\n\n\t\t\t\t\t\t<div style=\"clear: both;\"><\/div><\/div><div class=\"slideshow_view\">\n\t\t\t\t<div class=\"slideshow_slide slideshow_slide_image\">\n\t\t\t\t\t\t\t\t\t\t\t<img src=\"http:\/\/clap-lodeve.com\/fr\/wp-content\/uploads\/2016\/11\/12.jpg\" alt=\"12\" width=\"1000\" height=\"367\" \/>\n\t\t\t\t\t\t\t\t\t\t<div class=\"slideshow_description_box slideshow_transparent\">\n\t\t\t\t\t\t<div class=\"slideshow_title\">12<\/div>\t\t\t\t\t\t\t\t\t\t\t<\/div>\n\t\t\t\t<\/div>\n\n\t\t\t\t\t\t<div style=\"clear: both;\"><\/div><\/div><div class=\"slideshow_view\">\n\t\t\t\t<div class=\"slideshow_slide slideshow_slide_image\">\n\t\t\t\t\t\t\t\t\t\t\t<img src=\"http:\/\/clap-lodeve.com\/fr\/wp-content\/uploads\/2016\/11\/31.jpg\" alt=\"31\" width=\"1000\" height=\"367\" \/>\n\t\t\t\t\t\t\t\t\t\t<div class=\"slideshow_description_box slideshow_transparent\">\n\t\t\t\t\t\t<div class=\"slideshow_title\">31<\/div>\t\t\t\t\t\t\t\t\t\t\t<\/div>\n\t\t\t\t<\/div>\n\n\t\t\t\t\t\t<div style=\"clear: both;\"><\/div><\/div><div class=\"slideshow_view\">\n\t\t\t\t<div class=\"slideshow_slide slideshow_slide_image\">\n\t\t\t\t\t\t\t\t\t\t\t<img src=\"http:\/\/clap-lodeve.com\/fr\/wp-content\/uploads\/2016\/11\/21.jpg\" alt=\"21\" width=\"1000\" height=\"367\" \/>\n\t\t\t\t\t\t\t\t\t\t<div class=\"slideshow_description_box slideshow_transparent\">\n\t\t\t\t\t\t<div class=\"slideshow_title\">21<\/div>\t\t\t\t\t\t\t\t\t\t\t<\/div>\n\t\t\t\t<\/div>\n\n\t\t\t\t\t\t<div style=\"clear: both;\"><\/div><\/div><div class=\"slideshow_view\">\n\t\t\t\t<div class=\"slideshow_slide slideshow_slide_image\">\n\t\t\t\t\t\t\t\t\t\t\t<img src=\"http:\/\/clap-lodeve.com\/fr\/wp-content\/uploads\/2016\/11\/51.jpg\" alt=\"51\" width=\"1000\" height=\"367\" \/>\n\t\t\t\t\t\t\t\t\t\t<div class=\"slideshow_description_box slideshow_transparent\">\n\t\t\t\t\t\t<div class=\"slideshow_title\">51<\/div>\t\t\t\t\t\t\t\t\t\t\t<\/div>\n\t\t\t\t<\/div>\n\n\t\t\t\t\t\t<div style=\"clear: both;\"><\/div><\/div><div class=\"slideshow_view\">\n\t\t\t\t<div class=\"slideshow_slide slideshow_slide_image\">\n\t\t\t\t\t\t\t\t\t\t\t<img src=\"http:\/\/clap-lodeve.com\/fr\/wp-content\/uploads\/2016\/11\/41.jpg\" alt=\"41\" width=\"1000\" height=\"367\" \/>\n\t\t\t\t\t\t\t\t\t\t<div class=\"slideshow_description_box slideshow_transparent\">\n\t\t\t\t\t\t<div class=\"slideshow_title\">41<\/div>\t\t\t\t\t\t\t\t\t\t\t<\/div>\n\t\t\t\t<\/div>\n\n\t\t\t\t\t\t<div style=\"clear: both;\"><\/div><\/div>\n\t\t<\/div>\n\n\t\t<div class=\"slideshow_controlPanel slideshow_transparent\" style=\"display: none;\"><ul><li class=\"slideshow_togglePlay\" data-play-text=\"Play\" data-pause-text=\"Pause\"><\/li><\/ul><\/div>\n\n\t\t<div class=\"slideshow_button slideshow_previous slideshow_transparent\" role=\"button\" data-previous-text=\"Pr\u00e9c\u00e9dent\" style=\"display: none;\"><\/div>\n\t\t<div class=\"slideshow_button slideshow_next slideshow_transparent\" role=\"button\" data-next-text=\"Suivant\" style=\"display: none;\"><\/div>\n\n\t\t<div class=\"slideshow_pagination\" style=\"display: none;\" data-go-to-text=\"Go to slide\"><div class=\"slideshow_pagination_center\"><\/div><\/div>\n\n\t\t<!-- WordPress Slideshow Version 2.3.1 -->\n\n\t\t\t<\/div>\n\n\n<hr \/>\n<p><span style=\"color: #008080; font-size: 18pt;\"><strong>Un immeuble collectif multi-activit\u00e9s associatif ou se d\u00e9roulent des <a href=\"http:\/\/clap-lodeve.com\/fr\/activites\/\">activit\u00e9s<\/a>, des <a href=\"http:\/\/clap-lodeve.com\/fr\/category\/stages\/\">stages<\/a>,\u00a0 des <a href=\"http:\/\/clap-lodeve.com\/fr\/category\/actu\/\">\u00e9v\u00e8nements<\/a>, des <a href=\"http:\/\/clap-lodeve.com\/fr\/cantine-au-clap\/\">cantines<\/a>..<\/strong><\/span><\/p>\n<p style=\"text-align: right;\"><em><a href=\"http:\/\/clap-lodeve.com\/fr\/wp-content\/uploads\/2015\/09\/Article-Midi-Libre-11-11-2016.jpg\"><img data-attachment-id=\"1066\" data-permalink=\"http:\/\/clap-lodeve.com\/fr\/actualites\/article-midi-libre-11-11-2016\/\" data-orig-file=\"http:\/\/clap-lodeve.com\/fr\/wp-content\/uploads\/2015\/09\/Article-Midi-Libre-11-11-2016.jpg\" data-orig-size=\"994,1179\" data-comments-opened=\"0\" data-image-meta=\"{&quot;aperture&quot;:&quot;0&quot;,&quot;credit&quot;:&quot;&quot;,&quot;camera&quot;:&quot;&quot;,&quot;caption&quot;:&quot;&quot;,&quot;created_timestamp&quot;:&quot;0&quot;,&quot;copyright&quot;:&quot;&quot;,&quot;focal_length&quot;:&quot;0&quot;,&quot;iso&quot;:&quot;0&quot;,&quot;shutter_speed&quot;:&quot;0&quot;,&quot;title&quot;:&quot;&quot;,&quot;orientation&quot;:&quot;0&quot;}\" data-image-title=\"article-midi-libre-11-11-2016\" data-image-description=\"\" data-image-caption=\"\" data-medium-file=\"http:\/\/clap-lodeve.com\/fr\/wp-content\/uploads\/2015\/09\/Article-Midi-Libre-11-11-2016-253x300.jpg\" data-large-file=\"http:\/\/clap-lodeve.com\/fr\/wp-content\/uploads\/2015\/09\/Article-Midi-Libre-11-11-2016-863x1024.jpg\" decoding=\"async\" loading=\"lazy\" class=\"alignnone wp-image-1066 size-full\" src=\"http:\/\/clap-lodeve.com\/fr\/wp-content\/uploads\/2015\/09\/Article-Midi-Libre-11-11-2016.jpg\" alt=\"article-midi-libre-11-11-2016\" width=\"994\" height=\"1179\" srcset=\"http:\/\/clap-lodeve.com\/fr\/wp-content\/uploads\/2015\/09\/Article-Midi-Libre-11-11-2016.jpg 994w, http:\/\/clap-lodeve.com\/fr\/wp-content\/uploads\/2015\/09\/Article-Midi-Libre-11-11-2016-253x300.jpg 253w, http:\/\/clap-lodeve.com\/fr\/wp-content\/uploads\/2015\/09\/Article-Midi-Libre-11-11-2016-863x1024.jpg 863w\" sizes=\"(max-width: 994px) 100vw, 994px\" \/><\/a>\u00a0<\/em><\/p>\n<hr \/>\n<p style=\"text-align: left;\">\n\t<div class=\"slideshow_container slideshow_container_style-dark\" style=\"height: 250px; \" data-slideshow-id=\"627\" data-style-name=\"style-dark\" data-style-version=\"2.3.1\" >\n\n\t\t\t\t\t<div class=\"slideshow_loading_icon\"><\/div>\n\t\t\n\t\t<div class=\"slideshow_content\" style=\"display: none;\">\n\n\t\t\t<div class=\"slideshow_view\">\n\t\t\t\t<div class=\"slideshow_slide slideshow_slide_image\">\n\t\t\t\t\t\t\t\t\t\t\t<img src=\"http:\/\/clap-lodeve.com\/fr\/wp-content\/uploads\/2016\/02\/12027594_494549457386848_6355689492071119610_n.jpg\" alt=\"12027594_494549457386848_6355689492071119610_n\" width=\"960\" height=\"853\" \/>\n\t\t\t\t\t\t\t\t\t\t<div class=\"slideshow_description_box slideshow_transparent\">\n\t\t\t\t\t\t<div class=\"slideshow_title\">12027594_494549457386848_6355689492071119610_n<\/div>\t\t\t\t\t\t\t\t\t\t\t<\/div>\n\t\t\t\t<\/div>\n\n\t\t\t\t\t\t<div style=\"clear: both;\"><\/div><\/div><div class=\"slideshow_view\">\n\t\t\t\t<div class=\"slideshow_slide slideshow_slide_image\">\n\t\t\t\t\t\t\t\t\t\t\t<img src=\"http:\/\/clap-lodeve.com\/fr\/wp-content\/uploads\/2016\/02\/11028361_470887393086388_8833818506378292926_n.jpg\" alt=\"11028361_470887393086388_8833818506378292926_n\" width=\"800\" height=\"534\" \/>\n\t\t\t\t\t\t\t\t\t\t<div class=\"slideshow_description_box slideshow_transparent\">\n\t\t\t\t\t\t<div class=\"slideshow_title\">11028361_470887393086388_8833818506378292926_n<\/div>\t\t\t\t\t\t\t\t\t\t\t<\/div>\n\t\t\t\t<\/div>\n\n\t\t\t\t\t\t<div style=\"clear: both;\"><\/div><\/div><div class=\"slideshow_view\">\n\t\t\t\t<div class=\"slideshow_slide slideshow_slide_image\">\n\t\t\t\t\t\t\t\t\t\t\t<img src=\"http:\/\/clap-lodeve.com\/fr\/wp-content\/uploads\/2016\/02\/12592650_531396307035496_2078446894203178258_n.jpg\" alt=\"12592650_531396307035496_2078446894203178258_n\" width=\"540\" height=\"960\" \/>\n\t\t\t\t\t\t\t\t\t\t<div class=\"slideshow_description_box slideshow_transparent\">\n\t\t\t\t\t\t<div class=\"slideshow_title\">12592650_531396307035496_2078446894203178258_n<\/div>\t\t\t\t\t\t\t\t\t\t\t<\/div>\n\t\t\t\t<\/div>\n\n\t\t\t\t\t\t<div style=\"clear: both;\"><\/div><\/div><div class=\"slideshow_view\">\n\t\t\t\t<div class=\"slideshow_slide slideshow_slide_image\">\n\t\t\t\t\t\t\t\t\t\t\t<img src=\"http:\/\/clap-lodeve.com\/fr\/wp-content\/uploads\/2016\/02\/11695005_470886889753105_306463698516205988_n.jpg\" alt=\"11695005_470886889753105_306463698516205988_n\" width=\"800\" height=\"534\" \/>\n\t\t\t\t\t\t\t\t\t\t<div class=\"slideshow_description_box slideshow_transparent\">\n\t\t\t\t\t\t<div class=\"slideshow_title\">11695005_470886889753105_306463698516205988_n<\/div>\t\t\t\t\t\t\t\t\t\t\t<\/div>\n\t\t\t\t<\/div>\n\n\t\t\t\t\t\t<div style=\"clear: both;\"><\/div><\/div><div class=\"slideshow_view\">\n\t\t\t\t<div class=\"slideshow_slide slideshow_slide_image\">\n\t\t\t\t\t\t\t\t\t\t\t<img src=\"http:\/\/clap-lodeve.com\/fr\/wp-content\/uploads\/2016\/02\/12144702_500358930139234_1135518776456308993_n.jpg\" alt=\"12144702_500358930139234_1135518776456308993_n\" width=\"960\" height=\"540\" \/>\n\t\t\t\t\t\t\t\t\t\t<div class=\"slideshow_description_box slideshow_transparent\">\n\t\t\t\t\t\t<div class=\"slideshow_title\">12144702_500358930139234_1135518776456308993_n<\/div>\t\t\t\t\t\t\t\t\t\t\t<\/div>\n\t\t\t\t<\/div>\n\n\t\t\t\t\t\t<div style=\"clear: both;\"><\/div><\/div><div class=\"slideshow_view\">\n\t\t\t\t<div class=\"slideshow_slide slideshow_slide_image\">\n\t\t\t\t\t\t\t\t\t\t\t<img src=\"http:\/\/clap-lodeve.com\/fr\/wp-content\/uploads\/2016\/02\/11722479_470511453123982_889798444719556140_o.jpg\" alt=\"11722479_470511453123982_889798444719556140_o\" width=\"1000\" height=\"733\" \/>\n\t\t\t\t\t\t\t\t\t\t<div class=\"slideshow_description_box slideshow_transparent\">\n\t\t\t\t\t\t<div class=\"slideshow_title\">11722479_470511453123982_889798444719556140_o<\/div>\t\t\t\t\t\t\t\t\t\t\t<\/div>\n\t\t\t\t<\/div>\n\n\t\t\t\t\t\t<div style=\"clear: both;\"><\/div><\/div>\n\t\t<\/div>\n\n\t\t<div class=\"slideshow_controlPanel slideshow_transparent\" style=\"display: none;\"><ul><li class=\"slideshow_togglePlay\" data-play-text=\"Play\" data-pause-text=\"Pause\"><\/li><\/ul><\/div>\n\n\t\t<div class=\"slideshow_button slideshow_previous slideshow_transparent\" role=\"button\" data-previous-text=\"Pr\u00e9c\u00e9dent\" style=\"display: none;\"><\/div>\n\t\t<div class=\"slideshow_button slideshow_next slideshow_transparent\" role=\"button\" data-next-text=\"Suivant\" style=\"display: none;\"><\/div>\n\n\t\t<div class=\"slideshow_pagination\" style=\"display: none;\" data-go-to-text=\"Go to slide\"><div class=\"slideshow_pagination_center\"><\/div><\/div>\n\n\t\t<!-- WordPress Slideshow Version 2.3.1 -->\n\n\t\t\t<\/div>\n\n\n<strong><span style=\"font-size: 14pt;\">\u00a0 <\/span><\/strong><\/p>\n<p style=\"text-align: right;\"><a href=\"http:\/\/clap-lodeve.com\/fr\/photos\/\"><strong><span style=\"font-size: 14pt;\">\u25ba<\/span>voir plus de Photos !<\/strong><\/a><\/p>\n<section class=\"content-area\"><\/section>\n<section class=\"content-area\"><\/section>\n<section class=\"content-area\"><\/section>\n<section class=\"content-area\"><\/section>\n<section class=\"content-area\"><\/section>\n<section class=\"content-area\"><\/section>\n<section class=\"content-area\">\n<hr \/>\n<\/section>\n<section class=\"content-area\"><span style=\"color: #800000;\"><strong>\u25baL&rsquo;esprit du CLAP<span style=\"font-size: 18pt;\"> !<\/span><\/strong><\/span><br \/>\n<em>par Lo\u00efc \ud83d\ude00<br \/>\n<\/em><\/section>\n<article id=\"post-197\" class=\"post-197 post type-post status-publish format-standard hentry category-actu\">\n<div class=\"entry-content\">\n<p><a href=\"http:\/\/clap-lodeve.com\/fr\/wp-content\/uploads\/2015\/08\/image-CLAP-carree.jpg\"><img data-attachment-id=\"103\" data-permalink=\"http:\/\/clap-lodeve.com\/fr\/contact\/image-clap-carree\/\" data-orig-file=\"http:\/\/clap-lodeve.com\/fr\/wp-content\/uploads\/2015\/08\/image-CLAP-carree.jpg\" data-orig-size=\"1000,733\" data-comments-opened=\"0\" data-image-meta=\"{&quot;aperture&quot;:&quot;0&quot;,&quot;credit&quot;:&quot;&quot;,&quot;camera&quot;:&quot;&quot;,&quot;caption&quot;:&quot;&quot;,&quot;created_timestamp&quot;:&quot;0&quot;,&quot;copyright&quot;:&quot;&quot;,&quot;focal_length&quot;:&quot;0&quot;,&quot;iso&quot;:&quot;0&quot;,&quot;shutter_speed&quot;:&quot;0&quot;,&quot;title&quot;:&quot;&quot;,&quot;orientation&quot;:&quot;0&quot;}\" data-image-title=\"image-CLAP-carree\" data-image-description=\"\" data-image-caption=\"\" data-medium-file=\"http:\/\/clap-lodeve.com\/fr\/wp-content\/uploads\/2015\/08\/image-CLAP-carree-300x220.jpg\" data-large-file=\"http:\/\/clap-lodeve.com\/fr\/wp-content\/uploads\/2015\/08\/image-CLAP-carree.jpg\" decoding=\"async\" loading=\"lazy\" class=\"alignnone wp-image-103 size-full\" src=\"http:\/\/clap-lodeve.com\/fr\/wp-content\/uploads\/2015\/08\/image-CLAP-carree.jpg\" alt=\"image-CLAP-carree\" width=\"1000\" height=\"733\" srcset=\"http:\/\/clap-lodeve.com\/fr\/wp-content\/uploads\/2015\/08\/image-CLAP-carree.jpg 1000w, http:\/\/clap-lodeve.com\/fr\/wp-content\/uploads\/2015\/08\/image-CLAP-carree-300x220.jpg 300w\" sizes=\"(max-width: 1000px) 100vw, 1000px\" \/><\/a><\/p>\n<p style=\"text-align: right;\"><a href=\"http:\/\/clap-lodeve.com\/fr\/yoga\/#\">haut de page<\/a><\/p>\n<\/div>\n<\/article>\n","protected":false},"excerpt":{"rendered":"<p>Un immeuble collectif multi-activit\u00e9s associatif ou se d\u00e9roulent des activit\u00e9s, des stages,\u00a0 des \u00e9v\u00e8nements, des cantines.. \u00a0 \u00a0 \u25bavoir plus de Photos ! \u25baL&rsquo;esprit du CLAP ! par Lo\u00efc \ud83d\ude00 haut de page<\/p>\n","protected":false},"author":1,"featured_media":0,"parent":0,"menu_order":0,"comment_status":"closed","ping_status":"open","template":"","meta":{"footnotes":""},"jetpack_sharing_enabled":true,"jetpack_shortlink":"https:\/\/wp.me\/P8JRd2-3C","jetpack-related-posts":[],"_links":{"self":[{"href":"http:\/\/clap-lodeve.com\/fr\/wp-json\/wp\/v2\/pages\/224"}],"collection":[{"href":"http:\/\/clap-lodeve.com\/fr\/wp-json\/wp\/v2\/pages"}],"about":[{"href":"http:\/\/clap-lodeve.com\/fr\/wp-json\/wp\/v2\/types\/page"}],"author":[{"embeddable":true,"href":"http:\/\/clap-lodeve.com\/fr\/wp-json\/wp\/v2\/users\/1"}],"replies":[{"embeddable":true,"href":"http:\/\/clap-lodeve.com\/fr\/wp-json\/wp\/v2\/comments?post=224"}],"version-history":[{"count":88,"href":"http:\/\/clap-lodeve.com\/fr\/wp-json\/wp\/v2\/pages\/224\/revisions"}],"predecessor-version":[{"id":7236,"href":"http:\/\/clap-lodeve.com\/fr\/wp-json\/wp\/v2\/pages\/224\/revisions\/7236"}],"wp:attachment":[{"href":"http:\/\/clap-lodeve.com\/fr\/wp-json\/wp\/v2\/media?parent=224"}],"curies":[{"name":"wp","href":"https:\/\/api.w.org\/{rel}","templated":true}]}}