{"id":297,"date":"2015-09-03T06:46:42","date_gmt":"2015-09-03T06:46:42","guid":{"rendered":"http:\/\/clap-lodeve.com\/fr\/?page_id=297"},"modified":"2022-09-07T09:57:59","modified_gmt":"2022-09-07T07:57:59","slug":"asso","status":"publish","type":"page","link":"http:\/\/clap-lodeve.com\/fr\/asso\/","title":{"rendered":"Et aussi&#8230;"},"content":{"rendered":"<p>Le CLAP accueille les bureaux de plusieurs associations :<\/p>\n<p><strong>******************<\/strong><\/p>\n<p><a id=\"jar\"><\/a><span style=\"font-size: 18pt;\"><strong><span style=\"color: #800000;\">Association TERRE EN PARTAGE (jardin partag\u00e9)<\/span><\/strong><\/span><\/p>\n<h4>Bureau de l&rsquo;association &#8211; sur rdv<br \/>\nJardin Partag\u00e9, 13 av de fumel 34700 Lod\u00e8ve. Venez nous rencontrer au jardin !<\/h4>\n<p>Contact : 06 46 21 64 19 \u2013 <a href=\"mailto:info@terre-en-partage.org\">info@terre-en-partage.org<\/a><\/p>\n<p><strong>****************<\/strong><\/p>\n<p><a id=\"pay\"><\/a><span style=\"font-size: 18pt;\"><strong><span style=\"color: #800000;\">Association<a href=\"http:\/\/www.paysarbre.org\/adhesion-en-ligne\/\"> PAYSARBRE<\/a> (Education \u00e0 l&rsquo;environnement)<\/span><\/strong><\/span><\/p>\n<h4>Bureau de l&rsquo;association &#8211; sur rdv<br \/>\nTangi<\/h4>\n<p><a href=\"http:\/\/www.paysarbre.org\/\">Paysarbre<\/a> est une association qui oeuvre pour la promotion et la culture de l&rsquo;arbre fruitier aussi bien comme vecteur d\u2019autonomie vivri\u00e8re pour nos territoires que comme un outil d\u2019\u00e9ducation \u00e0 l&rsquo;environnement et de renforcement du lien social.<br \/>\nNous proposons de sensibiliser, initier, partager sur ce th\u00e8me sous forme de stages (Initiation \u00e0 la greffe, taille douce, soins aux arbres etc &#8230;), de conf\u00e9rences, de gestion collective de vergers et d&rsquo;actions diverses. (Inventaire du patrimoine fruitier, chemin fruitier).<\/p>\n<p>Contact : Tangi 06 11 73 16 50 &#8211; <a href=\"mailto:paysarbre@mailoo.org\">paysarbre@mailoo.org<br \/>\n<\/a>pour plus d&rsquo;infos: <a href=\"http:\/\/paysarbre.org\/\">http:\/\/paysarbre.org\/ <\/a><\/p>\n<p style=\"text-align: right;\"><a href=\"http:\/\/clap-lodeve.com\/fr\/partages\/#\">haut de page<\/a>\u00a0 <span class=\"st\">|<\/span> <a href=\"http:\/\/clap-lodeve.com\/fr\/ateliers-enfants\/\">&gt;&gt; page suivante<\/a><\/p>\n<p><span style=\"border-radius: 2px; text-indent: 20px; width: auto; padding: 0px 4px 0px 0px; text-align: center; font: bold 11px\/20px 'Helvetica Neue',Helvetica,sans-serif; color: #ffffff; background: #bd081c no-repeat scroll 3px 50% \/ 14px 14px; position: absolute; opacity: 1; z-index: 8675309; display: none; cursor: pointer;\">Enregistrer<\/span><\/p>\n<p><span style=\"border-radius: 2px; text-indent: 20px; width: auto; padding: 0px 4px 0px 0px; text-align: center; font: bold 11px\/20px 'Helvetica Neue',Helvetica,sans-serif; color: #ffffff; background: #bd081c no-repeat scroll 3px 50% \/ 14px 14px; position: absolute; opacity: 1; z-index: 8675309; display: none; cursor: pointer;\">Enregistrer<\/span><\/p>\n<p><span style=\"border-radius: 2px; text-indent: 20px; width: auto; padding: 0px 4px 0px 0px; text-align: center; font: bold 11px\/20px 'Helvetica Neue',Helvetica,sans-serif; color: #ffffff; background: #bd081c no-repeat scroll 3px 50% \/ 14px 14px; position: absolute; opacity: 1; z-index: 8675309; display: none; cursor: pointer;\">Enregistrer<\/span><\/p>\n<p><span style=\"border-radius: 2px; text-indent: 20px; width: auto; padding: 0px 4px 0px 0px; text-align: center; font: bold 11px\/20px 'Helvetica Neue',Helvetica,sans-serif; color: #ffffff; background: #bd081c no-repeat scroll 3px 50% \/ 14px 14px; position: absolute; opacity: 1; z-index: 8675309; display: none; cursor: pointer;\">Enregistrer<\/span><\/p>\n<p><span style=\"border-radius: 2px; text-indent: 20px; width: auto; padding: 0px 4px 0px 0px; text-align: center; font: bold 11px\/20px 'Helvetica Neue',Helvetica,sans-serif; color: #ffffff; background: #bd081c no-repeat scroll 3px 50% \/ 14px 14px; position: absolute; opacity: 1; z-index: 8675309; display: none; cursor: pointer;\">Enregistrer<\/span><\/p>\n<p><span style=\"border-radius: 2px; text-indent: 20px; width: auto; padding: 0px 4px 0px 0px; text-align: center; font: bold 11px\/20px 'Helvetica Neue',Helvetica,sans-serif; color: #ffffff; background: #bd081c no-repeat scroll 3px 50% \/ 14px 14px; position: absolute; opacity: 1; z-index: 8675309; display: none; cursor: pointer;\">Enregistrer<\/span><\/p>\n<p><span style=\"border-radius: 2px; text-indent: 20px; width: auto; padding: 0px 4px 0px 0px; text-align: center; font: bold 11px\/20px 'Helvetica Neue',Helvetica,sans-serif; color: #ffffff; background: #bd081c no-repeat scroll 3px 50% \/ 14px 14px; position: absolute; opacity: 1; z-index: 8675309; display: none; cursor: pointer;\">Enregistrer<\/span><\/p>\n","protected":false},"excerpt":{"rendered":"<p>Le CLAP accueille les bureaux de plusieurs associations : ****************** Association TERRE EN PARTAGE (jardin partag\u00e9) Bureau de l&rsquo;association &#8211; sur rdv Jardin Partag\u00e9, 13 av de fumel 34700 Lod\u00e8ve. Venez nous rencontrer au jardin ! Contact : 06 46 21 64 19 \u2013 info@terre-en-partage.org **************** Association PAYSARBRE (Education \u00e0 l&rsquo;environnement) Bureau de l&rsquo;association &#8211; &hellip;<\/p>\n","protected":false},"author":1,"featured_media":1215,"parent":0,"menu_order":0,"comment_status":"closed","ping_status":"open","template":"","meta":{"footnotes":""},"jetpack_sharing_enabled":true,"jetpack_shortlink":"https:\/\/wp.me\/P8JRd2-4N","jetpack-related-posts":[],"_links":{"self":[{"href":"http:\/\/clap-lodeve.com\/fr\/wp-json\/wp\/v2\/pages\/297"}],"collection":[{"href":"http:\/\/clap-lodeve.com\/fr\/wp-json\/wp\/v2\/pages"}],"about":[{"href":"http:\/\/clap-lodeve.com\/fr\/wp-json\/wp\/v2\/types\/page"}],"author":[{"embeddable":true,"href":"http:\/\/clap-lodeve.com\/fr\/wp-json\/wp\/v2\/users\/1"}],"replies":[{"embeddable":true,"href":"http:\/\/clap-lodeve.com\/fr\/wp-json\/wp\/v2\/comments?post=297"}],"version-history":[{"count":32,"href":"http:\/\/clap-lodeve.com\/fr\/wp-json\/wp\/v2\/pages\/297\/revisions"}],"predecessor-version":[{"id":6711,"href":"http:\/\/clap-lodeve.com\/fr\/wp-json\/wp\/v2\/pages\/297\/revisions\/6711"}],"wp:featuredmedia":[{"embeddable":true,"href":"http:\/\/clap-lodeve.com\/fr\/wp-json\/wp\/v2\/media\/1215"}],"wp:attachment":[{"href":"http:\/\/clap-lodeve.com\/fr\/wp-json\/wp\/v2\/media?parent=297"}],"curies":[{"name":"wp","href":"https:\/\/api.w.org\/{rel}","templated":true}]}}