{"id":6002,"date":"2020-09-09T12:19:33","date_gmt":"2020-09-09T10:19:33","guid":{"rendered":"http:\/\/clap-lodeve.com\/fr\/?page_id=6002"},"modified":"2020-09-09T12:39:08","modified_gmt":"2020-09-09T10:39:08","slug":"liste-de-toutes-les-activites","status":"publish","type":"page","link":"http:\/\/clap-lodeve.com\/fr\/liste-de-toutes-les-activites\/","title":{"rendered":"Liste de toutes les activit\u00e9s"},"content":{"rendered":"\n<p>Liste de toutes les activit\u00e9s hebdomadaires, bi-mensuelles ou mensuelles et assos sur place ci-dessous , liste par jour voir <a href=\"http:\/\/clap-lodeve.com\/fr\/agenda-activites\/\"><strong>agenda<\/strong><\/a><\/p>\n\n\n<div id=\"pl-gb6002-69d234e33fe1a\"  class=\"panel-layout\" ><div id=\"pg-gb6002-69d234e33fe1a-0\"  class=\"panel-grid panel-no-style\" ><div id=\"pgc-gb6002-69d234e33fe1a-0-0\"  class=\"panel-grid-cell\" ><div id=\"panel-gb6002-69d234e33fe1a-0-0-0\" class=\"so-panel widget widget_listcategorypostswidget panel-first-child panel-last-child\" data-index=\"0\" ><h3 class=\"widget-title\">Activit\u00e9s au CLAP<\/h3><ul class=\"lcp_catlist\" id=\"lcp_instance_listcategorypostswidget-1\"><li><a href=\"http:\/\/clap-lodeve.com\/fr\/planning-des-activites\/\">Planning des activit\u00e9s<\/a><\/li><li><a href=\"http:\/\/clap-lodeve.com\/fr\/theatre-amateur-lodevois-creatif-talc\/\">Th\u00e9\u00e2tre Amateur Lod\u00e9vois Cr\u00e9atif (TALC)<\/a><\/li><li><a href=\"http:\/\/clap-lodeve.com\/fr\/desir-decrire-atelier-les-vendredis-au-clap\/\">D\u00e9sir&#8230; d&rsquo;\u00e9crire, atelier les vendredis au CLAP<\/a><\/li><li><a href=\"http:\/\/clap-lodeve.com\/fr\/stages-de-tango-25-26-claire-et-nicolas\/\">Stages de Tango 25-26 (Claire et Nicolas)<\/a><\/li><li><a href=\"http:\/\/clap-lodeve.com\/fr\/atelier-liberez-votre-creativite-veronique-et-emilie-mer-18h-21h\/\">Atelier \u00ab\u00a0Liberez votre cr\u00e9ativit\u00e9\u00a0\u00bb (V\u00e9ronique et Emilie) mer 18h-21h<\/a><\/li><li><a href=\"http:\/\/clap-lodeve.com\/fr\/creation-collective-musique-poesie\/\">Cr\u00e9ation collective musique &#038; po\u00e9sie<\/a><\/li><li><a href=\"http:\/\/clap-lodeve.com\/fr\/munz-floor-franck-poirot-2\/\">MUNZ FLOOR\u00ae (Franck Poirot) Lundi et Vendredi<\/a><\/li><li><a href=\"http:\/\/clap-lodeve.com\/fr\/atelier-voix-chant-adulte\/\">Ateliers Voix &#038; Chant Adulte (Laetitia Dhainault) Asso Ocytocines CHANT<\/a><\/li><li><a href=\"http:\/\/clap-lodeve.com\/fr\/poezik-labo-vocal-ecriture-et-mouvement-felicite-bullot\/\">POEZIK , labo vocal, \u00e9criture et mouvement (F\u00e9licit\u00e9 Bullot)<\/a><\/li><li><a href=\"http:\/\/clap-lodeve.com\/fr\/ateliers-corps-conscience-frederic-schnee-les-vendredis\/\">Ateliers Corps &#038; Conscience (Fr\u00e9deric Schnee) Les vendredis 18h-20h<\/a><\/li><li><a href=\"http:\/\/clap-lodeve.com\/fr\/mouvement-authentique-mathilde-fabre-et-coralie-david-jeudi-9h30-11h\/\">Mouvement Authentique (Mathilde Fabre et Coralie David) jeudi 9h30-11h<\/a><\/li><li><a href=\"http:\/\/clap-lodeve.com\/fr\/cours-de-tango-claire-et-nicolas-mardi\/\">Cours de Tango (Claire et Nicolas) mardi<\/a><\/li><li><a href=\"http:\/\/clap-lodeve.com\/fr\/tai-cji-et-qi\/\">Qi Gong Marie- Claude Piel les lundis 10h45 &#8211; 12h15<\/a><\/li><li><a href=\"http:\/\/clap-lodeve.com\/fr\/danse-contact-avec-anne-mutuel-mercredi-20h-22h\/\">Contact Improvisation (Anne mutuel, Gabriel Melendez, Davis Olivari, Hugo Gordiano) &#8211; Lundi 18h-20h<\/a><\/li><li><a href=\"http:\/\/clap-lodeve.com\/fr\/salsa-madelaine-solano-lundi-20h-ou-21h\/\">SALSA (Madelaine Solano) Lundi 20h ou 21h<\/a><\/li><li><a href=\"http:\/\/clap-lodeve.com\/fr\/cours-de-chant-mensuels\/\">Cours de CHANT mensuel<\/a><\/li><li><a href=\"http:\/\/clap-lodeve.com\/fr\/constellations-familiales-et-systemiques\/\">CONSTELLATIONS FAMILIALES et SYSTEMIQUES<\/a><\/li><li><a href=\"http:\/\/clap-lodeve.com\/fr\/cercles-de-playfight-julie-blot\/\">Cercles de Playfight (Julie Blot)<\/a><\/li><li><a href=\"http:\/\/clap-lodeve.com\/fr\/orientation-scolaire-professionnelle\/\">Soutien \u00e0 l\u2019Orientation scolaire &#038; professionnelle<\/a><\/li><li><a href=\"http:\/\/clap-lodeve.com\/fr\/cours-individuels-voix-chant-technique-vocale-corporelle-et-sensorielle\/\">Cours de CHANT Individuels  (Laetitia Dhainault) Asso Ocytocines<\/a><\/li><li><a href=\"http:\/\/clap-lodeve.com\/fr\/association-terre-en-partage-jardin-partage\/\">Association \u00ab\u00a0Terre en Partage\u00a0\u00bb : jardins partag\u00e9s (Am\u00e9lie Bodson)<\/a><\/li><li><a href=\"http:\/\/clap-lodeve.com\/fr\/hatha-raja-yoga\/\">Cours Hatha Raja Yoga Sandrine SCHERRER<\/a><\/li><li><a href=\"http:\/\/clap-lodeve.com\/fr\/association-paysarbre-education-a-lenvironnement\/\">Association \u00ab\u00a0Paysarbre\u00a0\u00bb : Education \u00e0 l\u2019environnement (Tangi)<\/a><\/li><\/ul><\/div><\/div><\/div><\/div>","protected":false},"excerpt":{"rendered":"<p>Bureau de l\u2019association \u2013 sur rdvPar : Tangi Paysarbre&nbsp;est une association qui oeuvre pour la promotion et la culture de l\u2019arbre fruitier aussi bien comme vecteur d\u2019autonomie vivri\u00e8re pour nos territoires que comme un outil d\u2019\u00e9ducation \u00e0 l\u2019environnement et de renforcement du lien social.Nous proposons de sensibiliser, initier, partager sur ce th\u00e8me sous forme de &hellip;<\/p>\n","protected":false},"author":1,"featured_media":0,"parent":0,"menu_order":0,"comment_status":"closed","ping_status":"closed","template":"","meta":{"footnotes":""},"jetpack_sharing_enabled":true,"jetpack_shortlink":"https:\/\/wp.me\/P8JRd2-1yO","jetpack-related-posts":[],"_links":{"self":[{"href":"http:\/\/clap-lodeve.com\/fr\/wp-json\/wp\/v2\/pages\/6002"}],"collection":[{"href":"http:\/\/clap-lodeve.com\/fr\/wp-json\/wp\/v2\/pages"}],"about":[{"href":"http:\/\/clap-lodeve.com\/fr\/wp-json\/wp\/v2\/types\/page"}],"author":[{"embeddable":true,"href":"http:\/\/clap-lodeve.com\/fr\/wp-json\/wp\/v2\/users\/1"}],"replies":[{"embeddable":true,"href":"http:\/\/clap-lodeve.com\/fr\/wp-json\/wp\/v2\/comments?post=6002"}],"version-history":[{"count":8,"href":"http:\/\/clap-lodeve.com\/fr\/wp-json\/wp\/v2\/pages\/6002\/revisions"}],"predecessor-version":[{"id":6023,"href":"http:\/\/clap-lodeve.com\/fr\/wp-json\/wp\/v2\/pages\/6002\/revisions\/6023"}],"wp:attachment":[{"href":"http:\/\/clap-lodeve.com\/fr\/wp-json\/wp\/v2\/media?parent=6002"}],"curies":[{"name":"wp","href":"https:\/\/api.w.org\/{rel}","templated":true}]}}