{"id":656,"date":"2016-02-29T10:38:10","date_gmt":"2016-02-29T08:38:10","guid":{"rendered":"http:\/\/clap-lodeve.com\/fr\/?page_id=656"},"modified":"2022-08-31T14:03:35","modified_gmt":"2022-08-31T12:03:35","slug":"le-prix-libre-cest-quoi","status":"publish","type":"page","link":"http:\/\/clap-lodeve.com\/fr\/le-prix-libre-cest-quoi\/","title":{"rendered":"Le Prix Libre, c&rsquo;est quoi ?"},"content":{"rendered":"<p>Le prix libre est une d\u00e9marche politique, non marchande, en opposition au prix fixe, qui impose le m\u00eame prix, que l\u2019on soit fortun\u00e9 ou pauvre.<\/p>\n<p><span style=\"font-size: 18pt;\"><strong><span style=\"color: #800000;\">En gros : Tu paies ce que tu peux, ce que tu veux. Mais \u00e7a ne veut pas dire \u201cgratuit\u201d<\/span>.<\/strong><\/span><\/p>\n<p>Le prix libre donne <strong>l\u2019occasion d\u2019un questionnement<\/strong> : Combien vais-je donner? Quels sont les frais d\u2019une association&nbsp; ? D\u2019un groupe ? D\u2019un artiste ? D\u2019un lieu ? A quel point j\u2019ai envie de <strong>participer<\/strong> ? On s\u2019\u00e9loigne d\u2019un geste rapide et machinal et on privil\u00e9gie le questionnement et le bon sens !<\/p>\n<p>Lors d&rsquo;un \u00e9v\u00e8nement, une fois les charges incompressibles rembours\u00e9es, l\u2019argent restant sera r\u00e9investi dans le fonctionnement du CLAP,<br \/>\n<strong>On peut aussi proposer sa participation en venant oeuver b\u00e9n\u00e9volement sur l&rsquo;\u00e9v\u00e8nement<\/strong> (en fonction des besoins, contacter le CLAP avant ).<\/p>\n<p><span style=\"font-size: 18pt; color: #800000;\"><strong>Le CLAP en chiffre, c&rsquo;est chaque mois :<\/strong><\/span><\/p>\n<hr \/>\n<p><strong>\u25baLoyer :&nbsp;&nbsp; &nbsp;1400 \u20ac<\/strong><br \/>\n<strong>\u25baElectricit\u00e9 : 200 \u20ac&nbsp;&nbsp; &nbsp;<\/strong><br \/>\n<strong>\u25baGaz : 200 \u20ac&nbsp;&nbsp; &nbsp;<\/strong><br \/>\n<strong>\u25baProvision pour eau : 100 \u20ac&nbsp;&nbsp; &nbsp;<\/strong><br \/>\n<strong>\u25ba et autres d\u00e9penses courantes&#8230;<\/strong><\/p>\n<p style=\"padding-left: 30px;\"><span style=\"font-size: 14pt; color: #800000;\"><strong>\u25ba\u25ba Total&nbsp; : &nbsp;&nbsp; environ 2000 \u20ac<\/strong><\/span><\/p>\n<hr \/>\n<p><strong>\u25ba Des centaines d&rsquo;heures de b\u00e9n\u00e9volat<\/strong> (port\u00e9 par une \u00e9quipe de membres actifs )<\/p>\n<hr \/>\n<p>&nbsp;<\/p>\n","protected":false},"excerpt":{"rendered":"<p>Le prix libre est une d\u00e9marche politique, non marchande, en opposition au prix fixe, qui impose le m\u00eame prix, que l\u2019on soit fortun\u00e9 ou pauvre. En gros : Tu paies ce que tu peux, ce que tu veux. Mais \u00e7a ne veut pas dire \u201cgratuit\u201d. Le prix libre donne l\u2019occasion d\u2019un questionnement : Combien vais-je &hellip;<\/p>\n","protected":false},"author":1,"featured_media":0,"parent":0,"menu_order":0,"comment_status":"closed","ping_status":"open","template":"","meta":{"footnotes":""},"jetpack_sharing_enabled":true,"jetpack_shortlink":"https:\/\/wp.me\/P8JRd2-aA","jetpack-related-posts":[],"_links":{"self":[{"href":"http:\/\/clap-lodeve.com\/fr\/wp-json\/wp\/v2\/pages\/656"}],"collection":[{"href":"http:\/\/clap-lodeve.com\/fr\/wp-json\/wp\/v2\/pages"}],"about":[{"href":"http:\/\/clap-lodeve.com\/fr\/wp-json\/wp\/v2\/types\/page"}],"author":[{"embeddable":true,"href":"http:\/\/clap-lodeve.com\/fr\/wp-json\/wp\/v2\/users\/1"}],"replies":[{"embeddable":true,"href":"http:\/\/clap-lodeve.com\/fr\/wp-json\/wp\/v2\/comments?post=656"}],"version-history":[{"count":11,"href":"http:\/\/clap-lodeve.com\/fr\/wp-json\/wp\/v2\/pages\/656\/revisions"}],"predecessor-version":[{"id":6649,"href":"http:\/\/clap-lodeve.com\/fr\/wp-json\/wp\/v2\/pages\/656\/revisions\/6649"}],"wp:attachment":[{"href":"http:\/\/clap-lodeve.com\/fr\/wp-json\/wp\/v2\/media?parent=656"}],"curies":[{"name":"wp","href":"https:\/\/api.w.org\/{rel}","templated":true}]}}