{"id":918,"date":"2016-09-01T11:38:21","date_gmt":"2016-09-01T09:38:21","guid":{"rendered":"http:\/\/clap-lodeve.com\/fr\/?page_id=918"},"modified":"2025-09-30T14:47:16","modified_gmt":"2025-09-30T12:47:16","slug":"agenda-activites","status":"publish","type":"page","link":"http:\/\/clap-lodeve.com\/fr\/agenda-activites\/","title":{"rendered":"Agenda"},"content":{"rendered":"\n<h1 class=\"wp-block-heading\"><mark style=\"background-color:rgba(0, 0, 0, 0)\" class=\"has-inline-color has-vivid-cyan-blue-color\">\u25ba Agenda des activit\u00e9s r\u00e9guli\u00e8res :<\/mark><\/h1>\n\n\n\n<p><strong><span style=\"font-size: 14pt;\">Cet agenda permet de voir nos activit\u00e9s hebdos et mensuelles ! les stages ponctuels sont \u00e0 retrouver dans la rubrique <a href=\"http:\/\/clap-lodeve.com\/fr\/category\/stages\/\">\u00ab\u00a0Stage\u00a0\u00bb<\/a> et les \u00e9v\u00e8nements dans la rubrique <a href=\"http:\/\/clap-lodeve.com\/fr\/category\/actu\/\">\u00ab\u00a0\u00e9v\u00e8nements\u00a0\u00bb<\/a><\/span><\/strong><\/p>\n\n\n\n<figure class=\"wp-block-image size-large\"><img data-attachment-id=\"7964\" data-permalink=\"http:\/\/clap-lodeve.com\/fr\/planning-des-activites\/planning-activites-30-09-25\/\" data-orig-file=\"http:\/\/clap-lodeve.com\/fr\/wp-content\/uploads\/2025\/09\/planning-activites-30-09-25.jpg\" data-orig-size=\"1368,912\" data-comments-opened=\"0\" data-image-meta=\"{&quot;aperture&quot;:&quot;0&quot;,&quot;credit&quot;:&quot;&quot;,&quot;camera&quot;:&quot;&quot;,&quot;caption&quot;:&quot;&quot;,&quot;created_timestamp&quot;:&quot;0&quot;,&quot;copyright&quot;:&quot;&quot;,&quot;focal_length&quot;:&quot;0&quot;,&quot;iso&quot;:&quot;0&quot;,&quot;shutter_speed&quot;:&quot;0&quot;,&quot;title&quot;:&quot;&quot;,&quot;orientation&quot;:&quot;0&quot;}\" data-image-title=\"planning-activites-30-09-25\" data-image-description=\"\" data-image-caption=\"\" data-medium-file=\"http:\/\/clap-lodeve.com\/fr\/wp-content\/uploads\/2025\/09\/planning-activites-30-09-25-300x200.jpg\" data-large-file=\"http:\/\/clap-lodeve.com\/fr\/wp-content\/uploads\/2025\/09\/planning-activites-30-09-25-1024x683.jpg\" decoding=\"async\" loading=\"lazy\" width=\"1024\" height=\"683\" src=\"http:\/\/clap-lodeve.com\/fr\/wp-content\/uploads\/2025\/09\/planning-activites-30-09-25-1024x683.jpg\" alt=\"\" class=\"wp-image-7964\" srcset=\"http:\/\/clap-lodeve.com\/fr\/wp-content\/uploads\/2025\/09\/planning-activites-30-09-25-1024x683.jpg 1024w, http:\/\/clap-lodeve.com\/fr\/wp-content\/uploads\/2025\/09\/planning-activites-30-09-25-300x200.jpg 300w, http:\/\/clap-lodeve.com\/fr\/wp-content\/uploads\/2025\/09\/planning-activites-30-09-25-768x512.jpg 768w, http:\/\/clap-lodeve.com\/fr\/wp-content\/uploads\/2025\/09\/planning-activites-30-09-25-1320x880.jpg 1320w, http:\/\/clap-lodeve.com\/fr\/wp-content\/uploads\/2025\/09\/planning-activites-30-09-25.jpg 1368w\" sizes=\"(max-width: 1024px) 100vw, 1024px\" \/><\/figure>\n\n\n\n<h2 class=\"wp-block-heading has-text-align-center\"><strong>******<\/strong><\/h2>\n\n\n\n<p><span style=\"font-size: 24pt; color: #008080;\"><span style=\"font-size: 36pt;\"><span style=\"font-size: 18pt;\">\u25ba<\/span> Agenda par dates <\/span><\/span><\/p>\n\n\n\n<p><strong>Cet agenda permet de voir toutes nos activit\u00e9s et occupations de salle pour des personnes qui cherchent un ou des  cr\u00e9naux libre <\/strong>!<\/p>\n\n\n\n<p><strong><span style=\"font-size: 14pt;\">Agenda des <a href=\"http:\/\/clap-lodeve.com\/fr\/activites\/\"><span style=\"text-decoration: underline;\">Activit\u00e9s<\/span><\/a> , <a href=\"http:\/\/clap-lodeve.com\/fr\/category\/actu\/\">Ev\u00e8nements<\/a> et <a href=\"http:\/\/clap-lodeve.com\/fr\/category\/stages\/\">Stages<\/a> par dates et par <a href=\"http:\/\/clap-lodeve.com\/fr\/les-salles\/\">SALLES<\/a><\/span><\/strong><span style=\"color: #800000; font-size: 12pt;\"><span style=\"color: #000000;\"> ( voir toutes les salles <strong><a href=\"http:\/\/clap-lodeve.com\/fr\/les-salles\/\">ici<\/a><\/strong> )<\/span><\/span><\/p>\n\n\n\n<p><span style=\"color: #800000; font-size: 12pt;\"><span style=\"color: #000000;\">************ Num\u00e9ros des salles et destination ***************<\/span><\/span><\/p>\n\n\n\n<p><span style=\"font-size: 14pt;\"><strong>La Grotte : Espace de concert et \u00e9v\u00e9nements<\/strong><\/span><br \/><span style=\"font-size: 14pt;\"><strong>(S.8)&nbsp; Grande salle polyvalente<\/strong><\/span><br \/><span style=\"font-size: 14pt;\"><strong>(S.1) Petite salle polyvalente<\/strong><\/span><br \/><span style=\"font-size: 14pt;\"><strong>(S.4) Salle des Arts<\/strong><\/span><br \/><span style=\"font-size: 14pt;\"><strong>(S.5) Salle Commune \/ salle \u00e0 manger\/ r\u00e9union<\/strong><\/span><br \/><span style=\"font-size: 14pt;\"><strong>Cuisine &nbsp;&#8211;&nbsp; Terrasse&nbsp;<\/strong><\/span><\/p>\n\n\n\n<p><span style=\"font-size: 12pt;\">***************************************************************<\/span><\/p>\n\n\n\n<iframe loading=\"lazy\" src=\"https:\/\/calendar.google.com\/calendar\/embed?height=600&amp;wkst=2&amp;bgcolor=%23ffffff&amp;ctz=Europe%2FParis&amp;src=bHVvdTBsZmRkZnFudTFpNThkZnRkOHJtZDBAZ3JvdXAuY2FsZW5kYXIuZ29vZ2xlLmNvbQ&amp;src=NGswaGdjZmYxZmV1ZHJpZ2ppM2J2YWQxOTBAZ3JvdXAuY2FsZW5kYXIuZ29vZ2xlLmNvbQ&amp;src=ZTE2dDZqbTlkaWJncXNwazJqc2ViMGVlanNAZ3JvdXAuY2FsZW5kYXIuZ29vZ2xlLmNvbQ&amp;src=Z3FsZG5jbTMzZ2JhaG9rMjY2dTRnOTl0bXNAZ3JvdXAuY2FsZW5kYXIuZ29vZ2xlLmNvbQ&amp;src=czI0ZmcxMzJlYnM2OGhoam43dGxlNXFhOGNAZ3JvdXAuY2FsZW5kYXIuZ29vZ2xlLmNvbQ&amp;src=cHJlNjlzcjNxYmQxOG9qN3ExcW00djc5c2dAZ3JvdXAuY2FsZW5kYXIuZ29vZ2xlLmNvbQ&amp;src=NTFqZnI4dXRzNDlkY3RnMDZxNGtzaGRtdTRAZ3JvdXAuY2FsZW5kYXIuZ29vZ2xlLmNvbQ&amp;src=NmdzcDZmMmw0bGRvbGk5b3A3N2xrazRwOTBAZ3JvdXAuY2FsZW5kYXIuZ29vZ2xlLmNvbQ&amp;src=c2JrcDhnNm5sczI4cGY1cjdpczdwZjV2cWNAZ3JvdXAuY2FsZW5kYXIuZ29vZ2xlLmNvbQ&amp;src=YWlybzZqZXRsZDM5M2k5YzVoMmdraW1mOWNAZ3JvdXAuY2FsZW5kYXIuZ29vZ2xlLmNvbQ&amp;src=dGNqaTlvb2FuaWJpNTFmY3EyMGM5amxhM3NAZ3JvdXAuY2FsZW5kYXIuZ29vZ2xlLmNvbQ&amp;color=%23D81B60&amp;color=%23F4511E&amp;color=%230B8043&amp;color=%23039BE5&amp;color=%23F09300&amp;color=%23616161&amp;color=%23D50000&amp;color=%23B39DDB&amp;color=%237986CB&amp;color=%233F51B5&amp;color=%23AD1457&amp;showTitle=1&amp;mode=AGENDA\" style=\"border:solid 1px #777\" width=\"800\" height=\"600\" frameborder=\"0\" scrolling=\"no\"><\/iframe>\n","protected":false},"excerpt":{"rendered":"<p>\u25ba Agenda des activit\u00e9s r\u00e9guli\u00e8res : Cet agenda permet de voir nos activit\u00e9s hebdos et mensuelles ! les stages ponctuels sont \u00e0 retrouver dans la rubrique \u00ab\u00a0Stage\u00a0\u00bb et les \u00e9v\u00e8nements dans la rubrique \u00ab\u00a0\u00e9v\u00e8nements\u00a0\u00bb ****** \u25ba Agenda par dates Cet agenda permet de voir toutes nos activit\u00e9s et occupations de salle pour des personnes qui &hellip;<\/p>\n","protected":false},"author":1,"featured_media":0,"parent":0,"menu_order":0,"comment_status":"closed","ping_status":"open","template":"","meta":{"footnotes":""},"jetpack_sharing_enabled":true,"jetpack_shortlink":"https:\/\/wp.me\/P8JRd2-eO","jetpack-related-posts":[],"_links":{"self":[{"href":"http:\/\/clap-lodeve.com\/fr\/wp-json\/wp\/v2\/pages\/918"}],"collection":[{"href":"http:\/\/clap-lodeve.com\/fr\/wp-json\/wp\/v2\/pages"}],"about":[{"href":"http:\/\/clap-lodeve.com\/fr\/wp-json\/wp\/v2\/types\/page"}],"author":[{"embeddable":true,"href":"http:\/\/clap-lodeve.com\/fr\/wp-json\/wp\/v2\/users\/1"}],"replies":[{"embeddable":true,"href":"http:\/\/clap-lodeve.com\/fr\/wp-json\/wp\/v2\/comments?post=918"}],"version-history":[{"count":46,"href":"http:\/\/clap-lodeve.com\/fr\/wp-json\/wp\/v2\/pages\/918\/revisions"}],"predecessor-version":[{"id":7966,"href":"http:\/\/clap-lodeve.com\/fr\/wp-json\/wp\/v2\/pages\/918\/revisions\/7966"}],"wp:attachment":[{"href":"http:\/\/clap-lodeve.com\/fr\/wp-json\/wp\/v2\/media?parent=918"}],"curies":[{"name":"wp","href":"https:\/\/api.w.org\/{rel}","templated":true}]}}